{"id":8,"date":"2024-10-25T13:36:51","date_gmt":"2024-10-25T11:36:51","guid":{"rendered":"https:\/\/yvescrehalet.fr\/?page_id=8"},"modified":"2024-12-13T17:37:35","modified_gmt":"2024-12-13T16:37:35","slug":"a-propos","status":"publish","type":"page","link":"https:\/\/yvescrehalet.fr\/","title":{"rendered":""},"content":{"rendered":"<div class=\"wp-block-image is-style-default\">\n<figure class=\"alignright size-full is-resized\"><img fetchpriority=\"high\" decoding=\"async\" width=\"945\" height=\"1316\" src=\"https:\/\/yvescrehalet.fr\/wp-content\/uploads\/2024\/10\/Soufflet-de-forge-Dogon.png\" alt=\"\" class=\"wp-image-23\" style=\"width:335px;height:auto\" srcset=\"https:\/\/yvescrehalet.fr\/wp-content\/uploads\/2024\/10\/Soufflet-de-forge-Dogon.png 945w, https:\/\/yvescrehalet.fr\/wp-content\/uploads\/2024\/10\/Soufflet-de-forge-Dogon-215x300.png 215w, https:\/\/yvescrehalet.fr\/wp-content\/uploads\/2024\/10\/Soufflet-de-forge-Dogon-735x1024.png 735w, https:\/\/yvescrehalet.fr\/wp-content\/uploads\/2024\/10\/Soufflet-de-forge-Dogon-768x1070.png 768w\" sizes=\"(max-width: 945px) 100vw, 945px\" \/><figcaption class=\"wp-element-caption\"><mark style=\"background-color:rgba(0, 0, 0, 0)\" class=\"has-inline-color has-contrast-color\"><strong>Corps de soufflet de forge Dogon<br>Bois dur de ca\u00efc\u00e9rat, p\u00e9trifi\u00e9 par l\u2019\u00e2ge par endroits<\/strong><\/mark><br><br><mark style=\"background-color:rgba(0, 0, 0, 0)\" class=\"has-inline-color has-contrast-color\">* Huit anc\u00eatres divins sont descendus sur terre avec Le Nommo. Le Premier est le Forgeron. Entre les bras du soufflet \u00e9merge le Huiti\u00e8me, Maitre de la Parole, enterr\u00e9 sous la forge.<\/mark><\/figcaption><\/figure>\n<\/div>\n\n\n<h2 class=\"wp-block-heading has-text-align-left\">Mission&nbsp;: <strong>Participer \u00e0 la connaissance des Arts Premiers&nbsp;:<\/strong><\/h2>\n\n\n\n<ul class=\"wp-block-list has-medium-font-size\">\n<li>Faire d\u00e9couvrir<\/li>\n\n\n\n<li>Aider \u00e0 l\u2019achat et \u00e0 la vente d\u2019\u0153uvres de qualit\u00e9<\/li>\n<\/ul>\n\n\n\n<p>lksejfljdslfksq<\/p>\n\n\n\n<ul class=\"wp-block-social-links has-normal-icon-size has-visible-labels is-layout-flex wp-block-social-links-is-layout-flex\"><li class=\"wp-social-link wp-social-link-facebook  wp-block-social-link\"><a rel=\"noopener nofollow\" target=\"_blank\" href=\"https:\/\/www.facebook.com\/yvescrehaletartspremiers\" class=\"wp-block-social-link-anchor\"><svg width=\"24\" height=\"24\" viewBox=\"0 0 24 24\" version=\"1.1\" xmlns=\"http:\/\/www.w3.org\/2000\/svg\" aria-hidden=\"true\" focusable=\"false\"><path d=\"M12 2C6.5 2 2 6.5 2 12c0 5 3.7 9.1 8.4 9.9v-7H7.9V12h2.5V9.8c0-2.5 1.5-3.9 3.8-3.9 1.1 0 2.2.2 2.2.2v2.5h-1.3c-1.2 0-1.6.8-1.6 1.6V12h2.8l-.4 2.9h-2.3v7C18.3 21.1 22 17 22 12c0-5.5-4.5-10-10-10z\"><\/path><\/svg><span class=\"wp-block-social-link-label\">Arts premiers, Art tribal<\/span><\/a><\/li><\/ul>\n","protected":false},"excerpt":{"rendered":"<p>Mission&nbsp;: Participer \u00e0 la connaissance des Arts Premiers&nbsp;: lksejfljdslfksq<\/p>\n","protected":false},"author":1,"featured_media":0,"parent":0,"menu_order":0,"comment_status":"closed","ping_status":"closed","template":"elementor_theme","meta":{"footnotes":""},"class_list":["post-8","page","type-page","status-publish"],"_links":{"self":[{"href":"https:\/\/yvescrehalet.fr\/index.php?rest_route=\/wp\/v2\/pages\/8","targetHints":{"allow":["GET"]}}],"collection":[{"href":"https:\/\/yvescrehalet.fr\/index.php?rest_route=\/wp\/v2\/pages"}],"about":[{"href":"https:\/\/yvescrehalet.fr\/index.php?rest_route=\/wp\/v2\/types\/page"}],"author":[{"embeddable":true,"href":"https:\/\/yvescrehalet.fr\/index.php?rest_route=\/wp\/v2\/users\/1"}],"replies":[{"embeddable":true,"href":"https:\/\/yvescrehalet.fr\/index.php?rest_route=%2Fwp%2Fv2%2Fcomments&post=8"}],"version-history":[{"count":20,"href":"https:\/\/yvescrehalet.fr\/index.php?rest_route=\/wp\/v2\/pages\/8\/revisions"}],"predecessor-version":[{"id":354,"href":"https:\/\/yvescrehalet.fr\/index.php?rest_route=\/wp\/v2\/pages\/8\/revisions\/354"}],"wp:attachment":[{"href":"https:\/\/yvescrehalet.fr\/index.php?rest_route=%2Fwp%2Fv2%2Fmedia&parent=8"}],"curies":[{"name":"wp","href":"https:\/\/api.w.org\/{rel}","templated":true}]}}